{"id":3203,"date":"2025-09-24T22:09:31","date_gmt":"2025-09-24T21:09:31","guid":{"rendered":"https:\/\/infos.cezarbor.com\/?page_id=3203"},"modified":"2026-03-11T09:31:32","modified_gmt":"2026-03-11T08:31:32","slug":"2026-11-medunarodno-takmicenje-talentovanih-ucenika-iz-informatike","status":"publish","type":"page","link":"https:\/\/infos.cezarbor.com\/","title":{"rendered":"2026- 11. ME\u0110UNARODNO TAKMI\u010cENJE TALENTOVANIH U\u010cENIKA IZ INFORMATIKE"},"content":{"rendered":"<p><a href=\"https:\/\/infos.cezarbor.com\/smlogin.php\">Ovde-&gt;LOGOVANJE NA SAJT<\/a><br \/>\n<small><\/small><\/p>\n<ul class=\"lcp_catlist\" id=\"lcp_instance_0\"><li><a href=\"https:\/\/infos.cezarbor.com\/?p=3234\">Rezultati INFOS2026 &#8211; Okru\u017eno takmi\u010denje<\/a><\/li><li><a href=\"https:\/\/infos.cezarbor.com\/?p=3136\">INFOS2026 &#8211; okru\u017eni nivo takmi\u010denja<\/a><\/li><li><a href=\"https:\/\/infos.cezarbor.com\/?p=3127\">Provera prijave okru\u017eni nivo takmi\u010denja INFOS 2026<\/a><\/li><li><a href=\"https:\/\/infos.cezarbor.com\/?p=3211\">Nagrade za najuspe\u0161nije na INFOS2025 me\u0111unarodni nivo takmi\u010denja<\/a><\/li><li><a href=\"https:\/\/infos.cezarbor.com\/?p=3119\">Prijava u\u010de\u0161\u0107a &#8211; okru\u017eni nivo INFOS 2026<\/a><\/li><li><a href=\"https:\/\/infos.cezarbor.com\/?p=3194\">Rezultati INFOS2025 &#8211; Me\u0111unarodni nivo takmi\u010denja<\/a><\/li><li><a href=\"https:\/\/infos.cezarbor.com\/?p=3184\">CG &#8211; Potvrda dolaska za 11.05.2025<\/a><\/li><li><a href=\"https:\/\/infos.cezarbor.com\/?p=3177\">Satnica INFOS2025 &#8211; Me\u0111unarodni nivo<\/a><\/li><li><a href=\"https:\/\/infos.cezarbor.com\/?p=3056\">Provera u\u010de\u0161\u0107a na Me\u0111unarodnom nivou takmi\u010denja &#8220;INFOS 2025&#8221;<\/a><\/li><li><a href=\"https:\/\/infos.cezarbor.com\/?p=3173\">Rezultati INFOS2025 &#8211; Republi\u010dko takmi\u010denje<\/a><\/li><\/ul>\n<p><small>Do kraja februara 2026. godine isti\u010de rok na koji mogu zainteresovani u\u010denici da se prijave na slede\u0107a takmi\u010denja:\u00a0 \u00a0<\/small><\/p>\n<p><small>1) DPIOS2026 &#8211; Dr\u017eavno prvenstvo istra\u017eiva\u010dkih radova osnovaca\u00a0 <a href=\"http:\/\/www.dpios.cezarbor.com\">http:\/\/www.dpios.cezarbor.com<\/a><\/small><br \/>\n<small>2) IYOECO2026 &#8211; Me\u0111unarodna Juniorska Ekolo\u0161ka Olimpijada\u00a0 \u00a0<a href=\"http:\/\/www.cezareducation.com\/\">http:\/\/www.cezareducation.com<\/a><\/small><br \/>\n<small>3)\u00a0 INFOS2026 &#8211; Me\u0111unarodno takmi\u010denje talentovanih u\u010denika iz informatike <a href=\"http:\/\/www.infos.cezarbor.com\">http:\/\/www.infos.cezarbor.com<\/a><\/small><br \/>\n<small>4) NEO2026 &#8211; Nacionalna Ekolo\u0161ka Olimpijada <a href=\"http:\/\/www.eko-olimpijada.com\">http:\/\/www.eko-olimpijada.com<\/a><\/small><\/p>\n<hr \/>\n<table>\n<tbody>\n<tr>\n<td width=\"142\"><strong>\u041d\u0438\u0432\u043e \u0442\u0430\u043a\u043c\u0438\u0447\u0435\u045a\u0430<\/strong><\/td>\n<td width=\"508\"><strong>\u0414\u0410\u0422\u0423\u041c<\/strong><\/td>\n<\/tr>\n<tr>\n<td width=\"142\">\u0448\u043a\u043e\u043b\u0441\u043a\u0438<\/td>\n<td width=\"508\">\u043f\u0440\u0438\u0458\u0430\u0432\u0459\u0438\u0432\u0430\u045a\u0435 \u043e\u043d\u043b\u0430\u0458\u043d \u0434\u043e \u043a\u0440\u0430\u0458\u0430 \u0444\u0435\u0431\u0440\u0443\u0430\u0440\u0430 2026.<\/td>\n<\/tr>\n<tr>\n<td width=\"142\">\u043e\u043a\u0440\u0443\u0436\u043d\u0438<\/td>\n<td width=\"508\">8.3.2026. onlajn, \u0441\u0430 \u043f\u043e\u0447\u0435\u0442\u043a\u043e\u043c \u0443 10:00\u00a0 h<\/td>\n<\/tr>\n<tr>\n<td width=\"142\">\u0440\u0435\u043f\u0443\u0431\u043b\u0438\u0447\u043a\u0438<\/td>\n<td width=\"508\">19.4.2026. &#8211; \u041e\u0428 &#8220;3.\u043e\u043a\u0442\u043e\u0431\u0430\u0440&#8221;, \u0411\u043e\u0440, \u0443 11 \u0447\u0430\u0441\u043e\u0432\u0430<\/td>\n<\/tr>\n<tr>\n<td width=\"142\">\u043c\u0435\u0452\u0443\u043d\u0430\u0440\u043e\u0434\u043d\u0438<\/td>\n<td width=\"508\">23 &#8211; 24.5.2026. &#8211; \u0411\u043e\u0440, (\u0441\u0430\u0442\u043d\u0438\u0446\u0430 \u043d\u0430\u043a\u043d\u0430\u0434\u043d\u043e)<\/td>\n<\/tr>\n<\/tbody>\n<\/table>\n<h2><\/h2>\n<p><strong>&#8220;\u041c\u0415\u0402\u0423\u041d\u0410\u0420\u041e\u0414\u041d\u041e \u0422\u0410\u041a\u041c\u0418\u0427\u0415\u040a\u0415 \u0422\u0410\u041b\u0415\u041d\u0422\u041e\u0412\u0410\u041d\u0418\u0425 \u0423\u0427\u0415\u041d\u0418\u041a\u0410 \u0418\u0417 \u0418\u041d\u0424\u041e\u0420\u041c\u0410\u0422\u0418\u041a\u0415<\/strong><strong>&#8221;\u00a0<\/strong><strong>&#8211; osnovne i srednje \u0161kole &#8211;<\/strong><br \/>\n<strong>International talented youth competition in informatics<\/strong><br \/>\n<strong>\u041e\u043d\u043b\u0430\u0458\u043d \u0442\u0430\u043a\u043c\u0438\u0447\u0435\u045a\u0435 \u0443\u0447\u0435\u043d\u0438\u043a\u0430 \u043e\u0441\u043d\u043e\u0432\u043d\u0438\u0445 \u0438 \u0441\u0440\u0435\u0434\u045a\u0438\u0445 \u0448\u043a\u043e\u043b\u0430 (5. \u0434\u043e 8. \u0440\u0430\u0437\u0440\u0435\u0434\u0430 \u041e\u0428, 1. \u0434\u043e 4. \u0440\u0430\u0437\u0440\u0435\u0434\u0430 \u0421\u0428) \u0438\u0437 \u043e\u0431\u043b\u0430\u0441\u0442\u0438 \u0438\u043d\u0444\u043e\u0440\u043c\u0430\u0442\u0438\u043a\u0435.<\/strong><br \/>\n<strong>Obuhvata istorijat ra\u010dunarstva i osnovne delove ra\u010dunara.<\/strong><br \/>\nMogu da u\u010destvuju u\u010denici 5, 6, 7, 8\/9 razreda osnovnih \u0161kola, 1 do 4 razreda srednjih \u0161kola iz cele Srbije, Crne Gore, Hrvatske, Bosne i Hercegovine, Slovenije, Makedonije ili bilo koje druge dr\u017eave.<br \/>\n<small><small><strong><a href=\"http:\/\/www.cezarbor.com\">(c) Copyright by Center for development of creativity Cezar , All Rights Reserved<\/a><br \/>\n<a href=\"http:\/\/www.talentibor.com\">(c) Expert commission of the Regional Center for Talents Bor , All Rights Reserverd<\/a><br \/>\n(c) Online Learning &amp; Competition Information System by Agencija SMAJ BUSINESS , All Rights Reserved<br \/>\nEmail: <a href=\"mailto:takmicenja.cezar@gmail.com\">takmicenja.cezar@gmail.com<\/a><\/strong><\/small><\/small><\/p>\n<p><img decoding=\"async\" class=\"alignnone size-medium wp-image-1781\" src=\"\/wp-content\/infos_logo.png\" alt=\"\" \/><\/p>\n","protected":false},"excerpt":{"rendered":"<p>Ovde-&gt;LOGOVANJE NA SAJT Do kraja februara 2026. godine isti\u010de rok na koji mogu zainteresovani u\u010denici da se prijave na slede\u0107a takmi\u010denja:\u00a0 \u00a0 1) DPIOS2026 &#8211; Dr\u017eavno prvenstvo istra\u017eiva\u010dkih radova osnovaca\u00a0 http:\/\/www.dpios.cezarbor.com 2) IYOECO2026 &#8211; Me\u0111unarodna Juniorska Ekolo\u0161ka Olimpijada\u00a0 \u00a0http:\/\/www.cezareducation.com 3)\u00a0 INFOS2026 &#8211; Me\u0111unarodno takmi\u010denje talentovanih u\u010denika iz informatike http:\/\/www.infos.cezarbor.com 4) NEO2026 &#8211; Nacionalna Ekolo\u0161ka Olimpijada [&hellip;]<\/p>\n","protected":false},"author":1,"featured_media":0,"parent":0,"menu_order":0,"comment_status":"closed","ping_status":"closed","template":"","meta":{"footnotes":""},"class_list":["post-3203","page","type-page","status-publish","hentry"],"_links":{"self":[{"href":"https:\/\/infos.cezarbor.com\/index.php?rest_route=\/wp\/v2\/pages\/3203","targetHints":{"allow":["GET"]}}],"collection":[{"href":"https:\/\/infos.cezarbor.com\/index.php?rest_route=\/wp\/v2\/pages"}],"about":[{"href":"https:\/\/infos.cezarbor.com\/index.php?rest_route=\/wp\/v2\/types\/page"}],"author":[{"embeddable":true,"href":"https:\/\/infos.cezarbor.com\/index.php?rest_route=\/wp\/v2\/users\/1"}],"replies":[{"embeddable":true,"href":"https:\/\/infos.cezarbor.com\/index.php?rest_route=%2Fwp%2Fv2%2Fcomments&post=3203"}],"version-history":[{"count":7,"href":"https:\/\/infos.cezarbor.com\/index.php?rest_route=\/wp\/v2\/pages\/3203\/revisions"}],"predecessor-version":[{"id":3243,"href":"https:\/\/infos.cezarbor.com\/index.php?rest_route=\/wp\/v2\/pages\/3203\/revisions\/3243"}],"wp:attachment":[{"href":"https:\/\/infos.cezarbor.com\/index.php?rest_route=%2Fwp%2Fv2%2Fmedia&parent=3203"}],"curies":[{"name":"wp","href":"https:\/\/api.w.org\/{rel}","templated":true}]}}