{"id":1821,"date":"2019-11-05T21:32:22","date_gmt":"2019-11-05T20:32:22","guid":{"rendered":"http:\/\/infos.cezarbor.com\/?page_id=1821"},"modified":"2025-10-29T22:25:29","modified_gmt":"2025-10-29T21:25:29","slug":"literature","status":"publish","type":"page","link":"https:\/\/infos.cezarbor.com\/?page_id=1821","title":{"rendered":"Literature"},"content":{"rendered":"<p><span style=\"font-family: verdana;\">Priprema za takmi\u010denje radi se samo iz navedene literature, odakle \u0107e biti ispitna pitanja. U\u010denici se onlajn spremaju iz teksta navedene l<span style=\"font-family: verdana;\">iterature na sajtu takmi\u010denja. Slike u literaturi su samo ilustrativnog karaktera.<\/span><\/span><\/p>\n\r\n\r\n<meta name=\"viewport\" content=\"width=device-width, initial-scale=1\">\r\n<style>\r\n* {box-sizing: border-box}\r\nbody {font-family: Verdana, sans-serif; margin:0}\r\n.mySlides {display: none}\r\nimg {vertical-align: middle;}\r\n\r\n\/* Slideshow container *\/\r\n.slideshow-container {\r\n  max-width: 1000px;\r\n  position: relative;\r\n  margin: auto;\r\n}\r\n\r\n\/* Next & previous buttons *\/\r\n.prev, .next {\r\n  cursor: pointer;\r\n  position: absolute;\r\n  top: 50%;\r\n  width: auto;\r\n  padding: 16px;\r\n  margin-top: -22px;\r\n  color: black;\r\n  font-weight: bold;\r\n  font-size: 24px;\r\n  transition: 0.6s ease;\r\n  border-radius: 0 3px 3px 0;\r\n  user-select: none;\r\n}\r\n\r\n\/* Position the \"next button\" to the right *\/\r\n.next {\r\n  right: 0;\r\n  border-radius: 3px 0 0 3px;\r\n}\r\n\r\n\/* On hover, add a black background color with a little bit see-through *\/\r\n.prev:hover, .next:hover {\r\n  background-color: rgba(0,0,0,0.8);\r\n}\r\n\r\n\/* Caption text *\/\r\n.text {\r\n  color: black;\r\n  font-size: 15px;\r\n  padding: 8px 12px;\r\n  position: absolute;\r\n  bottom: 8px;\r\n  width: 100%;\r\n  text-align: center;\r\n}\r\n\r\n\/* Number text (1\/3 etc)     #f2f2f2;  *\/\r\n.numbertext {\r\n  color: black;\r\n  font-size: 12px;\r\n  padding: 8px 12px;\r\n  position: absolute;\r\n  top: 0;\r\n}\r\n\r\n\/* The dots\/bullets\/indicators *\/\r\n.dot {\r\n  cursor: pointer;\r\n  height: 15px;\r\n  width: 15px;\r\n  margin: 0 2px;\r\n  background-color: #bbb;\r\n  border-radius: 50%;\r\n  display: inline-block;\r\n  transition: background-color 0.6s ease;\r\n}\r\n\r\n.active, .dot:hover {\r\n  background-color: #717171;\r\n}\r\n\r\n\/* Fading animation *\/\r\n.fade {\r\n  -webkit-animation-name: fade;\r\n  -webkit-animation-duration: 1.5s;\r\n  animation-name: fade;\r\n  animation-duration: 1.5s;\r\n}\r\n\r\n@-webkit-keyframes fade {\r\n  from {opacity: .4} \r\n  to {opacity: 1}\r\n}\r\n\r\n@keyframes fade {\r\n  from {opacity: .4} \r\n  to {opacity: 1}\r\n}\r\n\r\n\/* On smaller screens, decrease text size *\/\r\n@media only screen and (max-width: 300px) {\r\n  .prev, .next,.text {font-size: 11px}\r\n}\r\n<\/style>\r\n<\/head>\r\n<body>\r\n\r\n<div class=\"slideshow-container\">\r\n\r\n\r\n<div class=\"mySlides fade\">\r\n  <div class=\"numbertext\"><\/div>\r\n  <img decoding=\"async\" src=\"https:\/\/infos.cezarbor.com\/wp-content\/infos2025\/P000.png\" draggable=\"false\" style=\"width:100%\">\r\n  <div class=\"text\"><\/div>\r\n<\/div>\r\n<div class=\"mySlides fade\">\r\n  <div class=\"numbertext\">1 \/ 52<\/div>\r\n  <img decoding=\"async\" src=\"https:\/\/infos.cezarbor.com\/wp-content\/infos2025\/P001.png\" draggable=\"false\" style=\"width:100%\">\r\n  <div class=\"text\"><\/div>\r\n<\/div>\r\n<div class=\"mySlides fade\">\r\n  <div class=\"numbertext\">2 \/ 52<\/div>\r\n  <img decoding=\"async\" src=\"https:\/\/infos.cezarbor.com\/wp-content\/infos2025\/P002.png\" draggable=\"false\" style=\"width:100%\">\r\n  <div class=\"text\"><\/div>\r\n<\/div>\r\n<div class=\"mySlides fade\">\r\n  <div class=\"numbertext\">3 \/ 52<\/div>\r\n  <img decoding=\"async\" src=\"https:\/\/infos.cezarbor.com\/wp-content\/infos2025\/P003.png\" draggable=\"false\" style=\"width:100%\">\r\n  <div class=\"text\"><\/div>\r\n<\/div>\r\n<div class=\"mySlides fade\">\r\n  <div class=\"numbertext\">4 \/ 52<\/div>\r\n  <img decoding=\"async\" src=\"https:\/\/infos.cezarbor.com\/wp-content\/infos2025\/P004.png\" draggable=\"false\" style=\"width:100%\">\r\n  <div class=\"text\"><\/div>\r\n<\/div>\r\n<div class=\"mySlides fade\">\r\n  <div class=\"numbertext\">5 \/ 52<\/div>\r\n  <img decoding=\"async\" src=\"https:\/\/infos.cezarbor.com\/wp-content\/infos2025\/P005.png\" draggable=\"false\" style=\"width:100%\">\r\n  <div class=\"text\"><\/div>\r\n<\/div>\r\n<div class=\"mySlides fade\">\r\n  <div class=\"numbertext\">6 \/ 52<\/div>\r\n  <img decoding=\"async\" src=\"https:\/\/infos.cezarbor.com\/wp-content\/infos2025\/P006.png\" draggable=\"false\" style=\"width:100%\">\r\n  <div class=\"text\"><\/div>\r\n<\/div>\r\n<div class=\"mySlides fade\">\r\n  <div class=\"numbertext\">7 \/ 52<\/div>\r\n  <img decoding=\"async\" src=\"https:\/\/infos.cezarbor.com\/wp-content\/infos2025\/P007.png\" draggable=\"false\" style=\"width:100%\">\r\n  <div class=\"text\"><\/div>\r\n<\/div>\r\n<div class=\"mySlides fade\">\r\n  <div class=\"numbertext\">8 \/ 52<\/div>\r\n  <img decoding=\"async\" src=\"https:\/\/infos.cezarbor.com\/wp-content\/infos2025\/P008.png\" draggable=\"false\" style=\"width:100%\">\r\n  <div class=\"text\"><\/div>\r\n<\/div>\r\n<div class=\"mySlides fade\">\r\n  <div class=\"numbertext\">9 \/ 52<\/div>\r\n  <img decoding=\"async\" src=\"https:\/\/infos.cezarbor.com\/wp-content\/infos2025\/P009.png\" draggable=\"false\" style=\"width:100%\">\r\n  <div class=\"text\"><\/div>\r\n<\/div>\r\n<div class=\"mySlides fade\">\r\n  <div class=\"numbertext\">10 \/ 52<\/div>\r\n  <img decoding=\"async\" src=\"https:\/\/infos.cezarbor.com\/wp-content\/infos2025\/P010.png\" draggable=\"false\" style=\"width:100%\">\r\n  <div class=\"text\"><\/div>\r\n<\/div>\r\n<div class=\"mySlides fade\">\r\n  <div class=\"numbertext\">11 \/ 52<\/div>\r\n  <img decoding=\"async\" src=\"https:\/\/infos.cezarbor.com\/wp-content\/infos2025\/P011.png\" draggable=\"false\" style=\"width:100%\">\r\n  <div class=\"text\"><\/div>\r\n<\/div>\r\n<div class=\"mySlides fade\">\r\n  <div class=\"numbertext\">12 \/ 52<\/div>\r\n  <img decoding=\"async\" src=\"https:\/\/infos.cezarbor.com\/wp-content\/infos2025\/P012.png\" draggable=\"false\" style=\"width:100%\">\r\n  <div class=\"text\"><\/div>\r\n<\/div>\r\n<div class=\"mySlides fade\">\r\n  <div class=\"numbertext\">13 \/ 52<\/div>\r\n  <img decoding=\"async\" src=\"https:\/\/infos.cezarbor.com\/wp-content\/infos2025\/P013.png\" draggable=\"false\" style=\"width:100%\">\r\n  <div class=\"text\"><\/div>\r\n<\/div>\r\n<div class=\"mySlides fade\">\r\n  <div class=\"numbertext\">14 \/ 52<\/div>\r\n  <img decoding=\"async\" src=\"https:\/\/infos.cezarbor.com\/wp-content\/infos2025\/P014.png\" draggable=\"false\" style=\"width:100%\">\r\n  <div class=\"text\"><\/div>\r\n<\/div>\r\n<div class=\"mySlides fade\">\r\n  <div class=\"numbertext\">15 \/ 52<\/div>\r\n  <img decoding=\"async\" src=\"https:\/\/infos.cezarbor.com\/wp-content\/infos2025\/P015.png\" draggable=\"false\" style=\"width:100%\">\r\n  <div class=\"text\"><\/div>\r\n<\/div>\r\n<div class=\"mySlides fade\">\r\n  <div class=\"numbertext\">16 \/ 52<\/div>\r\n  <img decoding=\"async\" src=\"https:\/\/infos.cezarbor.com\/wp-content\/infos2025\/P016.png\" draggable=\"false\" style=\"width:100%\">\r\n  <div class=\"text\"><\/div>\r\n<\/div>\r\n<div class=\"mySlides fade\">\r\n  <div class=\"numbertext\">17 \/ 52<\/div>\r\n  <img decoding=\"async\" src=\"https:\/\/infos.cezarbor.com\/wp-content\/infos2025\/P017.png\" draggable=\"false\" style=\"width:100%\">\r\n  <div class=\"text\"><\/div>\r\n<\/div>\r\n<div class=\"mySlides fade\">\r\n  <div class=\"numbertext\">18 \/ 52<\/div>\r\n  <img decoding=\"async\" src=\"https:\/\/infos.cezarbor.com\/wp-content\/infos2025\/P018.png\" draggable=\"false\" style=\"width:100%\">\r\n  <div class=\"text\"><\/div>\r\n<\/div>\r\n<div class=\"mySlides fade\">\r\n  <div class=\"numbertext\">19 \/ 52<\/div>\r\n  <img decoding=\"async\" src=\"https:\/\/infos.cezarbor.com\/wp-content\/infos2025\/P019.png\" draggable=\"false\" style=\"width:100%\">\r\n  <div class=\"text\"><\/div>\r\n<\/div>\r\n<div class=\"mySlides fade\">\r\n  <div class=\"numbertext\">20 \/ 52<\/div>\r\n  <img decoding=\"async\" src=\"https:\/\/infos.cezarbor.com\/wp-content\/infos2025\/P020.png\" draggable=\"false\" style=\"width:100%\">\r\n  <div class=\"text\"><\/div>\r\n<\/div>\r\n<div class=\"mySlides fade\">\r\n  <div class=\"numbertext\">21 \/ 52<\/div>\r\n  <img decoding=\"async\" src=\"https:\/\/infos.cezarbor.com\/wp-content\/infos2025\/P021.png\" draggable=\"false\" style=\"width:100%\">\r\n  <div class=\"text\"><\/div>\r\n<\/div>\r\n<div class=\"mySlides fade\">\r\n  <div class=\"numbertext\">22 \/ 52<\/div>\r\n  <img decoding=\"async\" src=\"https:\/\/infos.cezarbor.com\/wp-content\/infos2025\/P022.png\" draggable=\"false\" style=\"width:100%\">\r\n  <div class=\"text\"><\/div>\r\n<\/div>\r\n<div class=\"mySlides fade\">\r\n  <div class=\"numbertext\">23 \/ 52<\/div>\r\n  <img decoding=\"async\" src=\"https:\/\/infos.cezarbor.com\/wp-content\/infos2025\/P023.png\" draggable=\"false\" style=\"width:100%\">\r\n  <div class=\"text\"><\/div>\r\n<\/div>\r\n<div class=\"mySlides fade\">\r\n  <div class=\"numbertext\">24 \/ 52<\/div>\r\n  <img decoding=\"async\" src=\"https:\/\/infos.cezarbor.com\/wp-content\/infos2025\/P024.png\" draggable=\"false\" style=\"width:100%\">\r\n  <div class=\"text\"><\/div>\r\n<\/div>\r\n<div class=\"mySlides fade\">\r\n  <div class=\"numbertext\">25 \/ 52<\/div>\r\n  <img decoding=\"async\" src=\"https:\/\/infos.cezarbor.com\/wp-content\/infos2025\/P025.png\" draggable=\"false\" style=\"width:100%\">\r\n  <div class=\"text\"><\/div>\r\n<\/div>\r\n<div class=\"mySlides fade\">\r\n  <div class=\"numbertext\">26 \/ 52<\/div>\r\n  <img decoding=\"async\" src=\"https:\/\/infos.cezarbor.com\/wp-content\/infos2025\/P026.png\" draggable=\"false\" style=\"width:100%\">\r\n  <div class=\"text\"><\/div>\r\n<\/div>\r\n<div class=\"mySlides fade\">\r\n  <div class=\"numbertext\">27 \/ 52<\/div>\r\n  <img decoding=\"async\" src=\"https:\/\/infos.cezarbor.com\/wp-content\/infos2025\/P027.png\" draggable=\"false\" style=\"width:100%\">\r\n  <div class=\"text\"><\/div>\r\n<\/div>\r\n<div class=\"mySlides fade\">\r\n  <div class=\"numbertext\">28 \/ 52<\/div>\r\n  <img decoding=\"async\" src=\"https:\/\/infos.cezarbor.com\/wp-content\/infos2025\/P028.png\" draggable=\"false\" style=\"width:100%\">\r\n  <div class=\"text\"><\/div>\r\n<\/div>\r\n<div class=\"mySlides fade\">\r\n  <div class=\"numbertext\">29 \/ 52<\/div>\r\n  <img decoding=\"async\" src=\"https:\/\/infos.cezarbor.com\/wp-content\/infos2025\/P029.png\" draggable=\"false\" style=\"width:100%\">\r\n  <div class=\"text\"><\/div>\r\n<\/div>\r\n<div class=\"mySlides fade\">\r\n  <div class=\"numbertext\">30 \/ 52<\/div>\r\n  <img decoding=\"async\" src=\"https:\/\/infos.cezarbor.com\/wp-content\/infos2025\/P030.png\" draggable=\"false\" style=\"width:100%\">\r\n  <div class=\"text\"><\/div>\r\n<\/div>\r\n<div class=\"mySlides fade\">\r\n  <div class=\"numbertext\">31 \/ 52<\/div>\r\n  <img decoding=\"async\" src=\"https:\/\/infos.cezarbor.com\/wp-content\/infos2025\/P031.png\" draggable=\"false\" style=\"width:100%\">\r\n  <div class=\"text\"><\/div>\r\n<\/div>\r\n<div class=\"mySlides fade\">\r\n  <div class=\"numbertext\">32 \/ 52<\/div>\r\n  <img decoding=\"async\" src=\"https:\/\/infos.cezarbor.com\/wp-content\/infos2025\/P032.png\" draggable=\"false\" style=\"width:100%\">\r\n  <div class=\"text\"><\/div>\r\n<\/div>\r\n<div class=\"mySlides fade\">\r\n  <div class=\"numbertext\">33 \/ 52<\/div>\r\n  <img decoding=\"async\" src=\"https:\/\/infos.cezarbor.com\/wp-content\/infos2025\/P033.png\" draggable=\"false\" style=\"width:100%\">\r\n  <div class=\"text\"><\/div>\r\n<\/div>\r\n<div class=\"mySlides fade\">\r\n  <div class=\"numbertext\">34 \/ 52<\/div>\r\n  <img decoding=\"async\" src=\"https:\/\/infos.cezarbor.com\/wp-content\/infos2025\/P034.png\" draggable=\"false\" style=\"width:100%\">\r\n  <div class=\"text\"><\/div>\r\n<\/div>\r\n<div class=\"mySlides fade\">\r\n  <div class=\"numbertext\">35 \/ 52<\/div>\r\n  <img decoding=\"async\" src=\"https:\/\/infos.cezarbor.com\/wp-content\/infos2025\/P035.png\" draggable=\"false\" style=\"width:100%\">\r\n  <div class=\"text\"><\/div>\r\n<\/div>\r\n<div class=\"mySlides fade\">\r\n  <div class=\"numbertext\">36 \/ 52<\/div>\r\n  <img decoding=\"async\" src=\"https:\/\/infos.cezarbor.com\/wp-content\/infos2025\/P036.png\" draggable=\"false\" style=\"width:100%\">\r\n  <div class=\"text\"><\/div>\r\n<\/div>\r\n<div class=\"mySlides fade\">\r\n  <div class=\"numbertext\">37 \/ 52<\/div>\r\n  <img decoding=\"async\" src=\"https:\/\/infos.cezarbor.com\/wp-content\/infos2025\/P037.png\" draggable=\"false\" style=\"width:100%\">\r\n  <div class=\"text\"><\/div>\r\n<\/div>\r\n<div class=\"mySlides fade\">\r\n  <div class=\"numbertext\">38 \/ 52<\/div>\r\n  <img decoding=\"async\" src=\"https:\/\/infos.cezarbor.com\/wp-content\/infos2025\/P038.png\" draggable=\"false\" style=\"width:100%\">\r\n  <div class=\"text\"><\/div>\r\n<\/div>\r\n<div class=\"mySlides fade\">\r\n  <div class=\"numbertext\">39 \/ 52<\/div>\r\n  <img decoding=\"async\" src=\"https:\/\/infos.cezarbor.com\/wp-content\/infos2025\/P039.png\" draggable=\"false\" style=\"width:100%\">\r\n  <div class=\"text\"><\/div>\r\n<\/div>\r\n<div class=\"mySlides fade\">\r\n  <div class=\"numbertext\">40 \/ 52<\/div>\r\n  <img decoding=\"async\" src=\"https:\/\/infos.cezarbor.com\/wp-content\/infos2025\/P040.png\" draggable=\"false\" style=\"width:100%\">\r\n  <div class=\"text\"><\/div>\r\n<\/div>\r\n<div class=\"mySlides fade\">\r\n  <div class=\"numbertext\">41 \/ 52<\/div>\r\n  <img decoding=\"async\" src=\"https:\/\/infos.cezarbor.com\/wp-content\/infos2025\/P041.png\" draggable=\"false\" style=\"width:100%\">\r\n  <div class=\"text\"><\/div>\r\n<\/div>\r\n<div class=\"mySlides fade\">\r\n  <div class=\"numbertext\">42 \/ 52<\/div>\r\n  <img decoding=\"async\" src=\"https:\/\/infos.cezarbor.com\/wp-content\/infos2025\/P042.png\" draggable=\"false\" style=\"width:100%\">\r\n  <div class=\"text\"><\/div>\r\n<\/div>\r\n<div class=\"mySlides fade\">\r\n  <div class=\"numbertext\">43 \/ 52<\/div>\r\n  <img decoding=\"async\" src=\"https:\/\/infos.cezarbor.com\/wp-content\/infos2025\/P043.png\" draggable=\"false\" style=\"width:100%\">\r\n  <div class=\"text\"><\/div>\r\n<\/div>\r\n<div class=\"mySlides fade\">\r\n  <div class=\"numbertext\">44 \/ 52<\/div>\r\n  <img decoding=\"async\" src=\"https:\/\/infos.cezarbor.com\/wp-content\/infos2025\/P044.png\" draggable=\"false\" style=\"width:100%\">\r\n  <div class=\"text\"><\/div>\r\n<\/div>\r\n<div class=\"mySlides fade\">\r\n  <div class=\"numbertext\">45 \/ 52<\/div>\r\n  <img decoding=\"async\" src=\"https:\/\/infos.cezarbor.com\/wp-content\/infos2025\/P045.png\" draggable=\"false\" style=\"width:100%\">\r\n  <div class=\"text\"><\/div>\r\n<\/div>\r\n<div class=\"mySlides fade\">\r\n  <div class=\"numbertext\">46 \/ 52<\/div>\r\n  <img decoding=\"async\" src=\"https:\/\/infos.cezarbor.com\/wp-content\/infos2025\/P046.png\" draggable=\"false\" style=\"width:100%\">\r\n  <div class=\"text\"><\/div>\r\n<\/div>\r\n<div class=\"mySlides fade\">\r\n  <div class=\"numbertext\">47 \/ 52<\/div>\r\n  <img decoding=\"async\" src=\"https:\/\/infos.cezarbor.com\/wp-content\/infos2025\/P047.png\" draggable=\"false\" style=\"width:100%\">\r\n  <div class=\"text\"><\/div>\r\n<\/div>\r\n<div class=\"mySlides fade\">\r\n  <div class=\"numbertext\">48 \/ 52<\/div>\r\n  <img decoding=\"async\" src=\"https:\/\/infos.cezarbor.com\/wp-content\/infos2025\/P048.png\" draggable=\"false\" style=\"width:100%\">\r\n  <div class=\"text\"><\/div>\r\n<\/div>\r\n<div class=\"mySlides fade\">\r\n  <div class=\"numbertext\">49 \/ 52<\/div>\r\n  <img decoding=\"async\" src=\"https:\/\/infos.cezarbor.com\/wp-content\/infos2025\/P049.png\" draggable=\"false\" style=\"width:100%\">\r\n  <div class=\"text\"><\/div>\r\n<\/div>\r\n<div class=\"mySlides fade\">\r\n  <div class=\"numbertext\">50 \/ 52<\/div>\r\n  <img decoding=\"async\" src=\"https:\/\/infos.cezarbor.com\/wp-content\/infos2025\/P050.png\" draggable=\"false\" style=\"width:100%\">\r\n  <div class=\"text\"><\/div>\r\n<\/div>\r\n<div class=\"mySlides fade\">\r\n  <div class=\"numbertext\">51 \/ 52<\/div>\r\n  <img decoding=\"async\" src=\"https:\/\/infos.cezarbor.com\/wp-content\/infos2025\/P051.png\" draggable=\"false\" style=\"width:100%\">\r\n  <div class=\"text\"><\/div>\r\n<\/div>\r\n<div class=\"mySlides fade\">\r\n  <div class=\"numbertext\"><\/div>\r\n  <img decoding=\"async\" src=\"https:\/\/infos.cezarbor.com\/wp-content\/infos2025\/P052.png\" draggable=\"false\" style=\"width:100%\">\r\n  <div class=\"text\"><\/div>\r\n<\/div>\r\n\r\n<a class=\"prev\" onclick=\"plusSlides(-1)\">&#10094;<\/a>\r\n<a class=\"next\" onclick=\"plusSlides(1)\">&#10095;<\/a>\r\n\r\n<\/div>\r\n<br>\r\n\r\n\r\n\r\n<script>\r\nvar slideIndex = 1;\r\nshowSlides(slideIndex);\r\n\r\nfunction plusSlides(n) {\r\n  showSlides(slideIndex += n);\r\n}\r\n\r\nfunction currentSlide(n) {\r\n  showSlides(slideIndex = n);\r\n}\r\n\r\nfunction showSlides(n) {\r\n  var i;\r\n  var slides = document.getElementsByClassName(\"mySlides\");\r\n  var dots = document.getElementsByClassName(\"dot\");\r\n  if (n > slides.length) {slideIndex = 1}    \r\n  if (n < 1) {slideIndex = slides.length}\r\n  for (i = 0; i < slides.length; i++) {\r\n      slides[i].style.display = \"none\";  \r\n  }\r\n  for (i = 0; i < dots.length; i++) {\r\n      dots[i].className = dots[i].className.replace(\" active\", \"\");\r\n  }\r\n  slides[slideIndex-1].style.display = \"block\";  \r\n  dots[slideIndex-1].className += \" active\";\r\n}\r\n<\/script>\r\n\r\n\r\n\r\n\n","protected":false},"excerpt":{"rendered":"<p>Priprema za takmi\u010denje radi se samo iz navedene literature, odakle \u0107e biti ispitna pitanja. U\u010denici se onlajn spremaju iz teksta navedene literature na sajtu takmi\u010denja. Slike u literaturi su samo ilustrativnog karaktera.<\/p>\n","protected":false},"author":1,"featured_media":0,"parent":0,"menu_order":0,"comment_status":"closed","ping_status":"closed","template":"","meta":{"footnotes":""},"class_list":["post-1821","page","type-page","status-publish","hentry"],"_links":{"self":[{"href":"https:\/\/infos.cezarbor.com\/index.php?rest_route=\/wp\/v2\/pages\/1821","targetHints":{"allow":["GET"]}}],"collection":[{"href":"https:\/\/infos.cezarbor.com\/index.php?rest_route=\/wp\/v2\/pages"}],"about":[{"href":"https:\/\/infos.cezarbor.com\/index.php?rest_route=\/wp\/v2\/types\/page"}],"author":[{"embeddable":true,"href":"https:\/\/infos.cezarbor.com\/index.php?rest_route=\/wp\/v2\/users\/1"}],"replies":[{"embeddable":true,"href":"https:\/\/infos.cezarbor.com\/index.php?rest_route=%2Fwp%2Fv2%2Fcomments&post=1821"}],"version-history":[{"count":19,"href":"https:\/\/infos.cezarbor.com\/index.php?rest_route=\/wp\/v2\/pages\/1821\/revisions"}],"predecessor-version":[{"id":3106,"href":"https:\/\/infos.cezarbor.com\/index.php?rest_route=\/wp\/v2\/pages\/1821\/revisions\/3106"}],"wp:attachment":[{"href":"https:\/\/infos.cezarbor.com\/index.php?rest_route=%2Fwp%2Fv2%2Fmedia&parent=1821"}],"curies":[{"name":"wp","href":"https:\/\/api.w.org\/{rel}","templated":true}]}}